{"id":1711,"date":"2025-06-22T18:15:40","date_gmt":"2025-06-22T18:15:40","guid":{"rendered":"https:\/\/mrseo.ma\/fr\/?page_id=1711"},"modified":"2025-06-22T18:15:43","modified_gmt":"2025-06-22T18:15:43","slug":"backlinks-maroc","status":"publish","type":"page","link":"https:\/\/mrseo.ma\/fr\/backlinks-maroc\/","title":{"rendered":"Backlinks Maroc"},"content":{"rendered":"<section class=\"gb-container gb-container-b2e01b99\"><div class=\"gb-inside-container\">\n<div class=\"gb-grid-wrapper gb-grid-wrapper-c62e6da9\">\n<div class=\"gb-grid-column gb-grid-column-c2af3289\"><div class=\"gb-container gb-container-c2af3289\"><div class=\"gb-inside-container\">\n\n<h1 class=\"gb-headline gb-headline-32928601 gb-headline-text\">Backlinks Maroc : Netlinking PAS CHER pour seo<\/h1>\n\n\n\n<p class=\"gb-headline gb-headline-47abe1a9 gb-headline-text\">Vous cherchez des Backlinks Maroc &amp; Netlinking Pas Cher ? Vous \u00eates au bon endroit.<\/p>\n\n\n<div class=\"gb-button-wrapper gb-button-wrapper-a15f8a2e\">\n\n<span class=\"gb-button gb-button-91186e48 popmake-1569\"><span class=\"gb-icon\"><svg aria-hidden=\"true\" role=\"img\" height=\"1em\" width=\"1em\" viewBox=\"0 0 256 512\" xmlns=\"http:\/\/www.w3.org\/2000\/svg\"><path fill=\"currentColor\" d=\"M224.3 273l-136 136c-9.4 9.4-24.6 9.4-33.9 0l-22.6-22.6c-9.4-9.4-9.4-24.6 0-33.9l96.4-96.4-96.4-96.4c-9.4-9.4-9.4-24.6 0-33.9L54.3 103c9.4-9.4 24.6-9.4 33.9 0l136 136c9.5 9.4 9.5 24.6.1 34z\"><\/path><\/svg><\/span><span class=\"gb-button-text\">Contactez Moi<\/span><\/span>\n\n<\/div>\n<\/div><\/div><\/div>\n\n<div class=\"gb-grid-column gb-grid-column-cdc10937\"><div class=\"gb-container gb-container-cdc10937\"><div class=\"gb-inside-container\">\n\n<figure class=\"wp-block-image size-large is-resized\"><img decoding=\"async\" src=\"https:\/\/mrseo.ma\/wp-content\/uploads\/2022\/05\/email-4284157.svg\" alt=\"r\u00e9f\u00e9rencement naturel Casablanca\" class=\"wp-image-469\" style=\"width:494px;height:334px\"\/><\/figure>\n\n<\/div><\/div><\/div>\n<\/div>\n<\/div><div class=\"gb-shapes\"><div class=\"gb-shape gb-shape-1\"><svg xmlns=\"http:\/\/www.w3.org\/2000\/svg\" viewBox=\"0 0 1200 230.8\" preserveAspectRatio=\"none\"><path d=\"M1200 179.5l-22.2-26.7c-22.2-26.7-66.9-80-111.1-75.6-44.4 4.8-89.2 66.4-133.3 102.2-44.4 35.8-89.2 44.2-133.3 8.9-44.4-35.6-89.2-115.6-133.3-155.6-44.4-40-89.2-40-133.3-17.8C488.9 37 444.2 82 400 81.7c-44.4.2-89.2-44.8-133.3-57.8-44.4-13.6-89.2 4.8-133.3 26.7-44.5 22.2-89.2 48.9-110.9 62.2L0 126.1v104.7H1199.7l.3-51.3z\"\/><\/svg><\/div><\/div><\/section>\n\n<section class=\"gb-container gb-container-771c2c9e\"><div class=\"gb-inside-container\">\n<div class=\"gb-grid-wrapper gb-grid-wrapper-c628f08c\">\n<div class=\"gb-grid-column gb-grid-column-49e56edb\"><div class=\"gb-container gb-container-49e56edb\"><div class=\"gb-inside-container\">\n\n<figure class=\"gb-block-image gb-block-image-ad6d2ba8\"><img decoding=\"async\" class=\"gb-image gb-image-ad6d2ba8\" src=\"https:\/\/mrseo.ma\/wp-content\/uploads\/2022\/06\/Marrakech-Seo-Expert-Strategy.webp\" alt=\"consultant seo casablanca\" title=\"consultant seo casablanca\"\/><\/figure>\n\n<\/div><\/div><\/div>\n\n<div class=\"gb-grid-column gb-grid-column-dfac1555\"><div class=\"gb-container gb-container-dfac1555\"><div class=\"gb-inside-container\">\n\n<h2 class=\"gb-headline gb-headline-608020c5 gb-headline-text\">Backlinks maroc : NETLINKING PAS CHer <\/h2>\n\n\n\n<p>Obtenir des backlinks Maroc de qualit\u00e9 n\u2019a jamais \u00e9t\u00e9 aussi simple ni aussi accessible. Que vous soyez une PME, un ind\u00e9pendant ou une agence, notre service de netlinking pas cher vous aide \u00e0 booster votre visibilit\u00e9 sur Google sans exploser votre budget. Nous s\u00e9lectionnons des liens pertinents, plac\u00e9s strat\u00e9giquement sur des sites locaux ou \u00e0 forte autorit\u00e9, pour un impact SEO durable et naturel. Le tout avec une approche 100 % personnalis\u00e9e et transparente.<\/p>\n\n\n\n<h3 class=\"gb-headline gb-headline-624d17cc\"><span class=\"gb-icon\"><svg aria-hidden=\"true\" role=\"img\" height=\"1em\" width=\"1em\" viewBox=\"0 0 512 512\" xmlns=\"http:\/\/www.w3.org\/2000\/svg\"><path fill=\"currentColor\" d=\"M173.898 439.404l-166.4-166.4c-9.997-9.997-9.997-26.206 0-36.204l36.203-36.204c9.997-9.998 26.207-9.998 36.204 0L192 312.69 432.095 72.596c9.997-9.997 26.207-9.997 36.204 0l36.203 36.204c9.997 9.997 9.997 26.206 0 36.204l-294.4 294.401c-9.998 9.997-26.207 9.997-36.204-.001z\"><\/path><\/svg><\/span><span class=\"gb-headline-text\">Liens contextualis\u00e9s sur des sites r\u00e9els \u00e0 forte cr\u00e9dibilit\u00e9<\/span><\/h3>\n\n\n\n<h3 class=\"gb-headline gb-headline-6875360d\"><span class=\"gb-icon\"><svg aria-hidden=\"true\" role=\"img\" height=\"1em\" width=\"1em\" viewBox=\"0 0 512 512\" xmlns=\"http:\/\/www.w3.org\/2000\/svg\"><path fill=\"currentColor\" d=\"M173.898 439.404l-166.4-166.4c-9.997-9.997-9.997-26.206 0-36.204l36.203-36.204c9.997-9.998 26.207-9.998 36.204 0L192 312.69 432.095 72.596c9.997-9.997 26.207-9.997 36.204 0l36.203 36.204c9.997 9.997 9.997 26.206 0 36.204l-294.4 294.401c-9.998 9.997-26.207 9.997-36.204-.001z\"><\/path><\/svg><\/span><span class=\"gb-headline-text\">Tarifs abordables sans compromis sur la qualit\u00e9<\/span><\/h3>\n\n\n\n<h3 class=\"gb-headline gb-headline-8c1e3de4\"><span class=\"gb-icon\"><svg aria-hidden=\"true\" role=\"img\" height=\"1em\" width=\"1em\" viewBox=\"0 0 512 512\" xmlns=\"http:\/\/www.w3.org\/2000\/svg\"><path fill=\"currentColor\" d=\"M173.898 439.404l-166.4-166.4c-9.997-9.997-9.997-26.206 0-36.204l36.203-36.204c9.997-9.998 26.207-9.998 36.204 0L192 312.69 432.095 72.596c9.997-9.997 26.207-9.997 36.204 0l36.203 36.204c9.997 9.997 9.997 26.206 0 36.204l-294.4 294.401c-9.998 9.997-26.207 9.997-36.204-.001z\"><\/path><\/svg><\/span><span class=\"gb-headline-text\">Strat\u00e9gies sur-mesure adapt\u00e9es au march\u00e9 marocain<\/span><\/h3>\n\n\n\n<h3 class=\"gb-headline gb-headline-e9cf476f\"><span class=\"gb-icon\"><svg aria-hidden=\"true\" role=\"img\" height=\"1em\" width=\"1em\" viewBox=\"0 0 512 512\" xmlns=\"http:\/\/www.w3.org\/2000\/svg\"><path fill=\"currentColor\" d=\"M173.898 439.404l-166.4-166.4c-9.997-9.997-9.997-26.206 0-36.204l36.203-36.204c9.997-9.998 26.207-9.998 36.204 0L192 312.69 432.095 72.596c9.997-9.997 26.207-9.997 36.204 0l36.203 36.204c9.997 9.997 9.997 26.206 0 36.204l-294.4 294.401c-9.998 9.997-26.207 9.997-36.204-.001z\"><\/path><\/svg><\/span><span class=\"gb-headline-text\">Aucun outil automatis\u00e9 : uniquement du netlinking humain et r\u00e9fl\u00e9chi<\/span><\/h3>\n\n\n<div class=\"gb-button-wrapper gb-button-wrapper-4064c0e8\">\n\n<span class=\"gb-button gb-button-66ec2dba popmake-1569\"><span class=\"gb-icon\"><svg aria-hidden=\"true\" role=\"img\" height=\"1em\" width=\"1em\" viewBox=\"0 0 256 512\" xmlns=\"http:\/\/www.w3.org\/2000\/svg\"><path fill=\"currentColor\" d=\"M224.3 273l-136 136c-9.4 9.4-24.6 9.4-33.9 0l-22.6-22.6c-9.4-9.4-9.4-24.6 0-33.9l96.4-96.4-96.4-96.4c-9.4-9.4-9.4-24.6 0-33.9L54.3 103c9.4-9.4 24.6-9.4 33.9 0l136 136c9.5 9.4 9.5 24.6.1 34z\"><\/path><\/svg><\/span><span class=\"gb-button-text\">Contactez Moi<\/span><\/span>\n\n<\/div>\n<\/div><\/div><\/div>\n<\/div>\n<\/div><\/section>\n\n<section class=\"gb-container gb-container-816a94e9\"><div class=\"gb-inside-container\">\n\n<h2 class=\"gb-headline gb-headline-6cfaa74c gb-headline-text\">Netlinking Maroc Pour PME &amp; Freelancers <\/h2>\n\n\n<div class=\"gb-grid-wrapper gb-grid-wrapper-060dec2f\">\n<div class=\"gb-grid-column gb-grid-column-04dcb2bb\"><div class=\"gb-container gb-container-04dcb2bb\"><div class=\"gb-inside-container\">\n\n<figure class=\"gb-block-image gb-block-image-2373db5f\"><img decoding=\"async\" class=\"gb-image gb-image-2373db5f\" src=\"https:\/\/mrseo.ma\/wp-content\/uploads\/2022\/05\/on-page_seo.svg\" title=\"on-page_seo\"\/><\/figure>\n\n\n\n<h3 class=\"gb-headline gb-headline-b94667ce gb-headline-text\">Une plateforme simple et accessible<\/h3>\n\n\n\n<p class=\"gb-headline gb-headline-a433ec01 gb-headline-text\">G\u00e9rez facilement vos campagnes de netlinking via un espace client clair et intuitif. Suivi des liens, rapports de performance, demandes sp\u00e9cifiques\u2026 tout est centralis\u00e9 pour vous offrir une exp\u00e9rience fluide, sans jargon technique inutile. Vous restez ma\u00eetre de votre strat\u00e9gie, nous nous occupons de l\u2019ex\u00e9cution.<\/p>\n\n<\/div><\/div><\/div>\n\n<div class=\"gb-grid-column gb-grid-column-d389befc\"><div class=\"gb-container gb-container-d389befc\"><div class=\"gb-inside-container\">\n\n<figure class=\"gb-block-image gb-block-image-e89bda53\"><img decoding=\"async\" class=\"gb-image gb-image-e89bda53\" src=\"https:\/\/mrseo.ma\/wp-content\/uploads\/2022\/06\/link-building-strategies-you-need-to-know.svg\" alt=\"\"\/><\/figure>\n\n\n\n<h3 class=\"gb-headline gb-headline-adce07b4 gb-headline-text\">Une expertise technique \u00e0 votre service<\/h3>\n\n\n\n<p class=\"gb-headline gb-headline-499da18c gb-headline-text\">Chaque lien est s\u00e9lectionn\u00e9 et valid\u00e9 selon des crit\u00e8res SEO rigoureux : pertinence th\u00e9matique, autorit\u00e9 du domaine, indexabilit\u00e9. Nos outils d\u2019audit permettent d\u2019\u00e9viter les mauvais profils de liens et de construire une strat\u00e9gie propre, efficace et align\u00e9e avec les exigences des moteurs de recherche.<\/p>\n\n<\/div><\/div><\/div>\n<\/div>\n\n<div class=\"gb-grid-wrapper gb-grid-wrapper-9cc93924\">\n<div class=\"gb-grid-column gb-grid-column-a189c802\"><div class=\"gb-container gb-container-a189c802\"><div class=\"gb-inside-container\">\n\n<figure class=\"gb-block-image gb-block-image-1d32834d\"><img decoding=\"async\" class=\"gb-image gb-image-1d32834d\" src=\"https:\/\/mrseo.ma\/wp-content\/uploads\/2022\/06\/local-seo-2525499-2117052.webp\" alt=\"\"\/><\/figure>\n\n\n\n<h3 class=\"gb-headline gb-headline-02fc62d6 gb-headline-text\">Des backlinks pens\u00e9s pour le march\u00e9 marocain<\/h3>\n\n\n\n<p class=\"gb-headline gb-headline-8658161a gb-headline-text\">Nous privil\u00e9gions les liens locaux, publi\u00e9s sur des sites marocains ou en lien direct avec votre audience cible. Cette approche renforce votre visibilit\u00e9 r\u00e9gionale et am\u00e9liore la pertinence de votre profil de liens pour Google Maroc. Une vraie valeur ajout\u00e9e pour les entreprises locales.<\/p>\n\n<\/div><\/div><\/div>\n\n<div class=\"gb-grid-column gb-grid-column-401549c8\"><div class=\"gb-container gb-container-401549c8\"><div class=\"gb-inside-container\">\n\n<figure class=\"gb-block-image gb-block-image-58b07a36\"><img decoding=\"async\" class=\"gb-image gb-image-58b07a36\" src=\"https:\/\/mrseo.ma\/wp-content\/uploads\/2022\/06\/how-to-write-title-tags.svg\" alt=\"\"\/><\/figure>\n\n\n\n<h3 class=\"gb-headline gb-headline-740ca879 gb-headline-text\">Compatible avec tous les environnements web<\/h3>\n\n\n\n<p class=\"gb-headline gb-headline-0af8ffa0 gb-headline-text\">Que vous utilisiez WordPress, Shopify ou un site d\u00e9velopp\u00e9 sur mesure, notre service s\u2019adapte \u00e0 votre stack technique. Nos liens sont plac\u00e9s de mani\u00e8re structur\u00e9e et coh\u00e9rente, sans perturber votre architecture. Un netlinking propre, pens\u00e9 pour durer.<\/p>\n\n<\/div><\/div><\/div>\n<\/div>\n\n<div class=\"gb-grid-wrapper gb-grid-wrapper-b005c259\">\n<div class=\"gb-grid-column gb-grid-column-6f8b1000\"><div class=\"gb-container gb-container-6f8b1000\"><div class=\"gb-inside-container\">\n\n<figure class=\"gb-block-image gb-block-image-c7104535\"><img decoding=\"async\" class=\"gb-image gb-image-c7104535\" src=\"https:\/\/mrseo.ma\/wp-content\/uploads\/2022\/06\/on-page-seo.svg\" alt=\"\"\/><\/figure>\n\n\n\n<h3 class=\"gb-headline gb-headline-a4d18279 gb-headline-text\">Une strat\u00e9gie align\u00e9e avec votre contenu<\/h3>\n\n\n\n<p class=\"gb-headline gb-headline-ba92ded2 gb-headline-text\">Le netlinking ne fonctionne que s\u2019il compl\u00e8te une base solide. C\u2019est pourquoi nous int\u00e9grons nos liens dans une logique on-page : choix des ancres, pertinence s\u00e9mantique, maillage interne. R\u00e9sultat : des liens naturels qui renforcent vos pages existantes.<\/p>\n\n<\/div><\/div><\/div>\n\n<div class=\"gb-grid-column gb-grid-column-71168990\"><div class=\"gb-container gb-container-71168990\"><div class=\"gb-inside-container\">\n\n<figure class=\"gb-block-image gb-block-image-5c2364a8\"><img decoding=\"async\" class=\"gb-image gb-image-5c2364a8\" src=\"https:\/\/mrseo.ma\/wp-content\/uploads\/2022\/06\/blog-seo.svg\" alt=\"\"\/><\/figure>\n\n\n\n<h3 class=\"gb-headline gb-headline-819f34fe gb-headline-text\">Un rythme naturel et s\u00e9curis\u00e9<\/h3>\n\n\n\n<p class=\"gb-headline gb-headline-e0c4e424 gb-headline-text\">Nous respectons les bonnes pratiques en mati\u00e8re de fr\u00e9quence de publication et de diversit\u00e9 des sources. Pas de sur-optimisation, pas de sch\u00e9mas risqu\u00e9s. Chaque lien est pens\u00e9 pour s\u2019indexer naturellement, en toute conformit\u00e9 avec les guidelines de Google.<\/p>\n\n<\/div><\/div><\/div>\n<\/div>\n\n<div class=\"gb-button-wrapper gb-button-wrapper-7510b0ec\">\n\n<span class=\"gb-button gb-button-beac18b8 popmake-1569\"><span class=\"gb-icon\"><svg aria-hidden=\"true\" role=\"img\" height=\"1em\" width=\"1em\" viewBox=\"0 0 256 512\" xmlns=\"http:\/\/www.w3.org\/2000\/svg\"><path fill=\"currentColor\" d=\"M224.3 273l-136 136c-9.4 9.4-24.6 9.4-33.9 0l-22.6-22.6c-9.4-9.4-9.4-24.6 0-33.9l96.4-96.4-96.4-96.4c-9.4-9.4-9.4-24.6 0-33.9L54.3 103c9.4-9.4 24.6-9.4 33.9 0l136 136c9.5 9.4 9.5 24.6.1 34z\"><\/path><\/svg><\/span><span class=\"gb-button-text\">Contactez Moi Maintenant<\/span><\/span>\n\n<\/div>\n<\/div><\/section>\n\n<section class=\"gb-container gb-container-cab17af2\"><div class=\"gb-inside-container\">\n<div class=\"gb-grid-wrapper gb-grid-wrapper-e0976604\">\n<div class=\"gb-grid-column gb-grid-column-e398df43\"><div class=\"gb-container gb-container-e398df43\"><div class=\"gb-inside-container\">\n\n<figure class=\"gb-block-image gb-block-image-493cc48f\"><img decoding=\"async\" class=\"gb-image gb-image-493cc48f\" src=\"https:\/\/mrseo.ma\/wp-content\/uploads\/2022\/05\/gui-2311261.svg\" title=\"gui-2311261\"\/><\/figure>\n\n<\/div><\/div><\/div>\n\n<div class=\"gb-grid-column gb-grid-column-35c24d3d\"><div class=\"gb-container gb-container-35c24d3d\"><div class=\"gb-inside-container\">\n\n<h2 class=\"gb-headline gb-headline-62f598d8 gb-headline-text\">Des backlinks de qualit\u00e9 <\/h2>\n\n\n\n<p class=\"gb-headline gb-headline-2914afa1 gb-headline-text\">Obtenir des backlinks efficaces ne devrait pas co\u00fbter une fortune. Nous proposons des solutions accessibles, pens\u00e9es pour le march\u00e9 marocain, sans compromis sur la qualit\u00e9. Chaque lien est s\u00e9lectionn\u00e9 pour renforcer votre visibilit\u00e9 tout en respectant votre budget.<\/p>\n\n\n\n<h3 class=\"gb-headline gb-headline-85a11498\"><span class=\"gb-icon\"><svg aria-hidden=\"true\" role=\"img\" height=\"1em\" width=\"1em\" viewBox=\"0 0 512 512\" xmlns=\"http:\/\/www.w3.org\/2000\/svg\"><path fill=\"currentColor\" d=\"M173.898 439.404l-166.4-166.4c-9.997-9.997-9.997-26.206 0-36.204l36.203-36.204c9.997-9.998 26.207-9.998 36.204 0L192 312.69 432.095 72.596c9.997-9.997 26.207-9.997 36.204 0l36.203 36.204c9.997 9.997 9.997 26.206 0 36.204l-294.4 294.401c-9.998 9.997-26.207 9.997-36.204-.001z\"><\/path><\/svg><\/span><span class=\"gb-headline-text\">Tarifs adapt\u00e9s aux r\u00e9alit\u00e9s du march\u00e9 local<\/span><\/h3>\n\n\n\n<h3 class=\"gb-headline gb-headline-29618058\"><span class=\"gb-icon\"><svg aria-hidden=\"true\" role=\"img\" height=\"1em\" width=\"1em\" viewBox=\"0 0 512 512\" xmlns=\"http:\/\/www.w3.org\/2000\/svg\"><path fill=\"currentColor\" d=\"M173.898 439.404l-166.4-166.4c-9.997-9.997-9.997-26.206 0-36.204l36.203-36.204c9.997-9.998 26.207-9.998 36.204 0L192 312.69 432.095 72.596c9.997-9.997 26.207-9.997 36.204 0l36.203 36.204c9.997 9.997 9.997 26.206 0 36.204l-294.4 294.401c-9.998 9.997-26.207 9.997-36.204-.001z\"><\/path><\/svg><\/span><span class=\"gb-headline-text\">Liens contextualis\u00e9s et pertinents<\/span><\/h3>\n\n\n\n<h3 class=\"gb-headline gb-headline-9518f5fe\"><span class=\"gb-icon\"><svg aria-hidden=\"true\" role=\"img\" height=\"1em\" width=\"1em\" viewBox=\"0 0 512 512\" xmlns=\"http:\/\/www.w3.org\/2000\/svg\"><path fill=\"currentColor\" d=\"M173.898 439.404l-166.4-166.4c-9.997-9.997-9.997-26.206 0-36.204l36.203-36.204c9.997-9.998 26.207-9.998 36.204 0L192 312.69 432.095 72.596c9.997-9.997 26.207-9.997 36.204 0l36.203 36.204c9.997 9.997 9.997 26.206 0 36.204l-294.4 294.401c-9.998 9.997-26.207 9.997-36.204-.001z\"><\/path><\/svg><\/span><span class=\"gb-headline-text\">Id\u00e9al pour PME, freelances et agences<\/span><\/h3>\n\n\n<div class=\"gb-button-wrapper gb-button-wrapper-6e6880a5\">\n\n<span class=\"gb-button gb-button-d9c25506 gb-button-text popmake-1569\">Contactez MOI<\/span>\n\n<\/div>\n<\/div><\/div><\/div>\n<\/div>\n<\/div><\/section>\n\n<section class=\"gb-container gb-container-a17d9d3a\"><div class=\"gb-inside-container\">\n<div class=\"gb-grid-wrapper gb-grid-wrapper-08f8e6be\">\n<div class=\"gb-grid-column gb-grid-column-d5468f6e\"><div class=\"gb-container gb-container-d5468f6e\"><div class=\"gb-inside-container\">\n\n<figure class=\"gb-block-image gb-block-image-e9fcfdea\"><img decoding=\"async\" class=\"gb-image gb-image-e9fcfdea\" src=\"https:\/\/mrseo.ma\/wp-content\/uploads\/2022\/06\/semrush-logo.svg\" alt=\"\"\/><\/figure>\n\n<\/div><\/div><\/div>\n\n<div class=\"gb-grid-column gb-grid-column-0f532cbf\"><div class=\"gb-container gb-container-0f532cbf\"><div class=\"gb-inside-container\">\n\n<figure class=\"gb-block-image gb-block-image-8815b0b6\"><img decoding=\"async\" class=\"gb-image gb-image-8815b0b6\" src=\"https:\/\/mrseo.ma\/wp-content\/uploads\/2022\/06\/Screaming-Frog-SEO-Spider.svg\" alt=\"\"\/><\/figure>\n\n<\/div><\/div><\/div>\n\n<div class=\"gb-grid-column gb-grid-column-cd5fcf26\"><div class=\"gb-container gb-container-cd5fcf26\"><div class=\"gb-inside-container\">\n\n<figure class=\"gb-block-image gb-block-image-16ae042f\"><img decoding=\"async\" class=\"gb-image gb-image-16ae042f\" src=\"https:\/\/mrseo.ma\/wp-content\/uploads\/2022\/06\/a0306ce1ab48e9d67fbed7e9ba6c19c3.svg\" alt=\"\"\/><\/figure>\n\n<\/div><\/div><\/div>\n\n<div class=\"gb-grid-column gb-grid-column-7ad0ad06\"><div class=\"gb-container gb-container-7ad0ad06\"><div class=\"gb-inside-container\">\n\n<figure class=\"gb-block-image gb-block-image-9ee1fc45\"><img decoding=\"async\" class=\"gb-image gb-image-9ee1fc45\" src=\"https:\/\/mrseo.ma\/wp-content\/uploads\/2022\/06\/Majestic-SEO-500x400.svg\" alt=\"\"\/><\/figure>\n\n<\/div><\/div><\/div>\n\n<div class=\"gb-grid-column gb-grid-column-f25cbb7d\"><div class=\"gb-container gb-container-f25cbb7d\"><div class=\"gb-inside-container\">\n\n<figure class=\"gb-block-image gb-block-image-04b66307\"><img decoding=\"async\" class=\"gb-image gb-image-04b66307\" src=\"https:\/\/mrseo.ma\/wp-content\/uploads\/2022\/06\/KWFinder-Review-2021-Best-Keyword-Research-Tool-e1638375056205.svg\" alt=\"\"\/><\/figure>\n\n<\/div><\/div><\/div>\n\n<div class=\"gb-grid-column gb-grid-column-2456e160\"><div class=\"gb-container gb-container-2456e160\"><div class=\"gb-inside-container\">\n\n<figure class=\"gb-block-image gb-block-image-cbbad809\"><img decoding=\"async\" class=\"gb-image gb-image-cbbad809\" src=\"https:\/\/mrseo.ma\/wp-content\/uploads\/2022\/06\/spyfu.svg\" alt=\"\"\/><\/figure>\n\n<\/div><\/div><\/div>\n<\/div>\n<\/div><\/section>\n\n<section class=\"gb-container gb-container-2f61ca0c\"><div class=\"gb-inside-container\">\n\n<h2 class=\"gb-headline gb-headline-97a59a0e gb-headline-text\">RESULTAT APR\u00e9s l&#8217;acquisition de Backlinks au maroc<\/h2>\n\n\n<div class=\"gb-grid-wrapper gb-grid-wrapper-6aeb0a8b\">\n<div class=\"gb-grid-column gb-grid-column-8f8cf669\"><div class=\"gb-container gb-container-8f8cf669\"><div class=\"gb-inside-container\">\n\n<figure class=\"gb-block-image gb-block-image-a3616d49\"><img loading=\"lazy\" decoding=\"async\" width=\"1575\" height=\"572\" class=\"gb-image gb-image-a3616d49\" src=\"https:\/\/mrseo.ma\/fr\/wp-content\/uploads\/2023\/02\/Voyage-Organise-Dakhla.-1.png\" alt=\"\" title=\"Voyage-Organise-Dakhla.-1\" srcset=\"https:\/\/mrseo.ma\/fr\/wp-content\/uploads\/2023\/02\/Voyage-Organise-Dakhla.-1.png 1575w, https:\/\/mrseo.ma\/fr\/wp-content\/uploads\/2023\/02\/Voyage-Organise-Dakhla.-1-300x109.png 300w, https:\/\/mrseo.ma\/fr\/wp-content\/uploads\/2023\/02\/Voyage-Organise-Dakhla.-1-1024x372.png 1024w, https:\/\/mrseo.ma\/fr\/wp-content\/uploads\/2023\/02\/Voyage-Organise-Dakhla.-1-768x279.png 768w, https:\/\/mrseo.ma\/fr\/wp-content\/uploads\/2023\/02\/Voyage-Organise-Dakhla.-1-1536x558.png 1536w\" sizes=\"auto, (max-width: 1575px) 100vw, 1575px\" \/><\/figure>\n\n\n\n<p class=\"has-text-align-center has-contrast-color has-text-color has-large-font-size\">Agence De Voyage<\/p>\n\n<\/div><\/div><\/div>\n\n<div class=\"gb-grid-column gb-grid-column-05e2ef5c\"><div class=\"gb-container gb-container-05e2ef5c\"><div class=\"gb-inside-container\">\n\n<figure class=\"gb-block-image gb-block-image-bee56a3c\"><img loading=\"lazy\" decoding=\"async\" width=\"1543\" height=\"558\" class=\"gb-image gb-image-bee56a3c\" src=\"https:\/\/mrseo.ma\/fr\/wp-content\/uploads\/2023\/02\/RyanMille.png\" alt=\"\" title=\"RyanMille\" srcset=\"https:\/\/mrseo.ma\/fr\/wp-content\/uploads\/2023\/02\/RyanMille.png 1543w, https:\/\/mrseo.ma\/fr\/wp-content\/uploads\/2023\/02\/RyanMille-300x108.png 300w, https:\/\/mrseo.ma\/fr\/wp-content\/uploads\/2023\/02\/RyanMille-1024x370.png 1024w, https:\/\/mrseo.ma\/fr\/wp-content\/uploads\/2023\/02\/RyanMille-768x278.png 768w, https:\/\/mrseo.ma\/fr\/wp-content\/uploads\/2023\/02\/RyanMille-1536x555.png 1536w\" sizes=\"auto, (max-width: 1543px) 100vw, 1543px\" \/><\/figure>\n\n\n\n<p class=\"has-text-align-center has-contrast-color has-text-color has-large-font-size\">Agence De Location De Voiture<\/p>\n\n<\/div><\/div><\/div>\n<\/div>\n\n<div class=\"gb-grid-wrapper gb-grid-wrapper-3b12ea87\">\n<div class=\"gb-grid-column gb-grid-column-6c11fbbe\"><div class=\"gb-container gb-container-6c11fbbe\"><div class=\"gb-inside-container\">\n\n<figure class=\"wp-block-image size-large\"><img loading=\"lazy\" decoding=\"async\" width=\"1024\" height=\"374\" src=\"https:\/\/mrseo.ma\/fr\/wp-content\/uploads\/2023\/02\/Coretech-1024x374.png\" alt=\"\" class=\"wp-image-1637\" srcset=\"https:\/\/mrseo.ma\/fr\/wp-content\/uploads\/2023\/02\/Coretech-1024x374.png 1024w, https:\/\/mrseo.ma\/fr\/wp-content\/uploads\/2023\/02\/Coretech-300x109.png 300w, https:\/\/mrseo.ma\/fr\/wp-content\/uploads\/2023\/02\/Coretech-768x280.png 768w, https:\/\/mrseo.ma\/fr\/wp-content\/uploads\/2023\/02\/Coretech-1536x561.png 1536w, https:\/\/mrseo.ma\/fr\/wp-content\/uploads\/2023\/02\/Coretech.png 1559w\" sizes=\"auto, (max-width: 1024px) 100vw, 1024px\" \/><\/figure>\n\n\n\n<p class=\"has-text-align-center has-contrast-color has-text-color has-large-font-size\">Boutique E-commerce<\/p>\n\n<\/div><\/div><\/div>\n\n<div class=\"gb-grid-column gb-grid-column-e3dd9de9\"><div class=\"gb-container gb-container-e3dd9de9\"><div class=\"gb-inside-container\">\n\n<figure class=\"gb-block-image gb-block-image-79ecc750\"><img loading=\"lazy\" decoding=\"async\" width=\"1580\" height=\"602\" class=\"gb-image gb-image-79ecc750\" src=\"https:\/\/mrseo.ma\/fr\/wp-content\/uploads\/2023\/02\/BuffetAvolonte.png\" alt=\"\" title=\"BuffetAvolonte\" srcset=\"https:\/\/mrseo.ma\/fr\/wp-content\/uploads\/2023\/02\/BuffetAvolonte.png 1580w, https:\/\/mrseo.ma\/fr\/wp-content\/uploads\/2023\/02\/BuffetAvolonte-300x114.png 300w, https:\/\/mrseo.ma\/fr\/wp-content\/uploads\/2023\/02\/BuffetAvolonte-1024x390.png 1024w, https:\/\/mrseo.ma\/fr\/wp-content\/uploads\/2023\/02\/BuffetAvolonte-768x293.png 768w, https:\/\/mrseo.ma\/fr\/wp-content\/uploads\/2023\/02\/BuffetAvolonte-1536x585.png 1536w\" sizes=\"auto, (max-width: 1580px) 100vw, 1580px\" \/><\/figure>\n\n\n\n<p class=\"has-text-align-center has-contrast-color has-text-color has-large-font-size\">Restaurant Local <\/p>\n\n<\/div><\/div><\/div>\n<\/div>\n<\/div><\/section>","protected":false},"excerpt":{"rendered":"<p>Netlinking Maroc Pour PME &amp; Freelancers RESULTAT APR\u00e9s l&#8217;acquisition de Backlinks au maroc<\/p>\n","protected":false},"author":1,"featured_media":0,"parent":0,"menu_order":0,"comment_status":"closed","ping_status":"closed","template":"","meta":{"footnotes":""},"class_list":["post-1711","page","type-page","status-publish"],"_links":{"self":[{"href":"https:\/\/mrseo.ma\/fr\/wp-json\/wp\/v2\/pages\/1711","targetHints":{"allow":["GET"]}}],"collection":[{"href":"https:\/\/mrseo.ma\/fr\/wp-json\/wp\/v2\/pages"}],"about":[{"href":"https:\/\/mrseo.ma\/fr\/wp-json\/wp\/v2\/types\/page"}],"author":[{"embeddable":true,"href":"https:\/\/mrseo.ma\/fr\/wp-json\/wp\/v2\/users\/1"}],"replies":[{"embeddable":true,"href":"https:\/\/mrseo.ma\/fr\/wp-json\/wp\/v2\/comments?post=1711"}],"version-history":[{"count":3,"href":"https:\/\/mrseo.ma\/fr\/wp-json\/wp\/v2\/pages\/1711\/revisions"}],"predecessor-version":[{"id":1714,"href":"https:\/\/mrseo.ma\/fr\/wp-json\/wp\/v2\/pages\/1711\/revisions\/1714"}],"wp:attachment":[{"href":"https:\/\/mrseo.ma\/fr\/wp-json\/wp\/v2\/media?parent=1711"}],"curies":[{"name":"wp","href":"https:\/\/api.w.org\/{rel}","templated":true}]}}