{"id":82,"date":"2022-05-10T20:36:42","date_gmt":"2022-05-10T19:36:42","guid":{"rendered":"https:\/\/gp-inbound.wordifysites.com\/?page_id=82"},"modified":"2023-02-26T14:36:53","modified_gmt":"2023-02-26T14:36:53","slug":"contact","status":"publish","type":"page","link":"https:\/\/mrseo.ma\/fr\/contact\/","title":{"rendered":"Contact"},"content":{"rendered":"<div class=\"gb-container gb-container-0b9a4095\"><div class=\"gb-inside-container\">\n\n<h2 class=\"gb-headline gb-headline-887ae2d8 gb-headline-text\">Comment puis-je vous aider ?<\/h2>\n\n\n\n<p class=\"gb-headline gb-headline-c307d429 gb-headline-text\">Envoyez-moi votre nom, votre adresse e-mail et toute information d\u00e9taill\u00e9e que vous pouvez fournir sur le projet, je vous r\u00e9pondrai dans les 24 heures.<\/p>\n\n\n<div class=\"gb-grid-wrapper gb-grid-wrapper-3bcf04c2\">\n<div class=\"gb-grid-column gb-grid-column-16e44cdc\"><div class=\"gb-container gb-container-16e44cdc\"><div class=\"gb-inside-container\">\n\n<p class=\"gb-headline gb-headline-387184d6 gb-headline-text\">Votre parcours pour dominer votre niche et \u00eatre au sommet de Google commence ici .<\/p>\n\n\n\n<p class=\"gb-headline gb-headline-561574a1\"><span class=\"gb-icon\"><svg viewBox=\"0 0 1024 1024\" class=\"icon\" xmlns=\"http:\/\/www.w3.org\/2000\/svg\"><path d=\"M744 62H280c-35.3 0-64 28.7-64 64v768c0 35.3 28.7 64 64 64h464c35.3 0 64-28.7 64-64V126c0-35.3-28.7-64-64-64zm-8 824H288V134h448v752zM472 784a40 40 0 1 0 80 0 40 40 0 1 0-80 0z\"><\/path><\/svg><\/span><span class=\"gb-headline-text\">+212 652 69 81 12<\/span><\/p>\n\n\n\n<p class=\"gb-headline gb-headline-e644cdcd\"><span class=\"gb-icon\"><svg aria-hidden=\"true\" role=\"img\" height=\"1em\" width=\"1em\" viewBox=\"0 0 512 512\" xmlns=\"http:\/\/www.w3.org\/2000\/svg\"><path fill=\"currentColor\" d=\"M464 64H48C21.49 64 0 85.49 0 112v288c0 26.51 21.49 48 48 48h416c26.51 0 48-21.49 48-48V112c0-26.51-21.49-48-48-48zm0 48v40.805c-22.422 18.259-58.168 46.651-134.587 106.49-16.841 13.247-50.201 45.072-73.413 44.701-23.208.375-56.579-31.459-73.413-44.701C106.18 199.465 70.425 171.067 48 152.805V112h416zM48 400V214.398c22.914 18.251 55.409 43.862 104.938 82.646 21.857 17.205 60.134 55.186 103.062 54.955 42.717.231 80.509-37.199 103.053-54.947 49.528-38.783 82.032-64.401 104.947-82.653V400H48z\"><\/path><\/svg><\/span><span class=\"gb-headline-text\"><a href=\"mailto:contact@mrseo.ma\">contact@mrseo.ma<\/a><\/span><\/p>\n\n\n\n<p class=\"gb-headline gb-headline-5b255efd\"><span class=\"gb-icon\"><svg xml:space=\"preserve\" style=\"enable-background:new 0 0 368.666 368.666\" viewBox=\"0 0 368.666 368.666\" xmlns=\"http:\/\/www.w3.org\/2000\/svg\"><path d=\"M184.333 0C102.011 0 35.037 66.974 35.037 149.297c0 33.968 11.132 65.959 32.193 92.515C94.5 276.195 173.8 357.833 177.164 361.291l7.169 7.375 7.17-7.374c3.363-3.459 82.688-85.116 109.963-119.51 21.042-26.534 32.164-58.515 32.164-92.485C333.63 66.974 266.656 0 184.333 0zm101.464 229.355c-21.957 27.687-80.921 89.278-101.463 110.581-20.54-21.302-79.482-82.875-101.434-110.552-18.23-22.984-27.863-50.677-27.863-80.087C55.037 78.002 113.039 20 184.333 20S313.63 78.002 313.63 149.297c0 29.411-9.625 57.095-27.833 80.058z\"><\/path><path d=\"M184.333 59.265c-48.729 0-88.374 39.645-88.374 88.374s39.644 88.374 88.374 88.374 88.374-39.644 88.374-88.374c.001-48.73-39.644-88.374-88.374-88.374zm0 156.748c-37.701 0-68.374-30.672-68.374-68.374s30.672-68.374 68.374-68.374 68.374 30.672 68.374 68.374c.001 37.701-30.673 68.374-68.374 68.374z\"><\/path><path d=\"m180.672 154.314-25.112-19.98-12.453 15.652 40.69 32.371 43.333-53.934-15.593-12.526z\"><\/path><\/svg><\/span><span class=\"gb-headline-text\">Marrakech<\/span><\/p>\n\n<\/div><\/div><\/div>\n\n<div class=\"gb-grid-column gb-grid-column-d4701180\"><div class=\"gb-container gb-container-d4701180\"><div class=\"gb-inside-container\">\n\n<h3 class=\"gb-headline gb-headline-8c73a68a gb-headline-text\">Contactez Moi <\/h3>\n\n\n<div class=\"wpforms-container wpforms-container-full\" id=\"wpforms-1540\"><form id=\"wpforms-form-1540\" class=\"wpforms-validate wpforms-form wpforms-ajax-form\" data-formid=\"1540\" method=\"post\" enctype=\"multipart\/form-data\" action=\"\/fr\/wp-json\/wp\/v2\/pages\/82\" data-token=\"f8101a589f73aab0a3bde139af487397\" data-token-time=\"1777310177\"><noscript class=\"wpforms-error-noscript\">Please enable JavaScript in your browser to complete this form.<\/noscript><div class=\"wpforms-field-container\"><div id=\"wpforms-1540-field_2-container\" class=\"wpforms-field wpforms-field-text\" data-field-id=\"2\"><label class=\"wpforms-field-label\" for=\"wpforms-1540-field_2\">Full Name <span class=\"wpforms-required-label\">*<\/span><\/label><input type=\"text\" id=\"wpforms-1540-field_2\" class=\"wpforms-field-medium wpforms-field-required\" name=\"wpforms[fields][2]\" required><\/div><div id=\"wpforms-1540-field_3-container\" class=\"wpforms-field wpforms-field-email\" data-field-id=\"3\"><label class=\"wpforms-field-label\" for=\"wpforms-1540-field_3\">Email <span class=\"wpforms-required-label\">*<\/span><\/label><input type=\"email\" id=\"wpforms-1540-field_3\" class=\"wpforms-field-medium wpforms-field-required\" name=\"wpforms[fields][3]\" spellcheck=\"false\" required><\/div><div id=\"wpforms-1540-field_5-container\" class=\"wpforms-field wpforms-field-select wpforms-field-select-style-classic\" data-field-id=\"5\"><label class=\"wpforms-field-label\" for=\"wpforms-1540-field_5\">Subject <span class=\"wpforms-required-label\">*<\/span><\/label><select id=\"wpforms-1540-field_5\" class=\"wpforms-field-medium wpforms-field-required\" name=\"wpforms[fields][5]\" required=\"required\"><option value=\"Seo Project\"  class=\"choice-1 depth-1\"  >Seo Project<\/option><option value=\"Website Creation\"  class=\"choice-2 depth-1\"  >Website Creation<\/option><option value=\"Possible Partnership\"  class=\"choice-3 depth-1\"  >Possible Partnership<\/option><option value=\"General Inquery\"  class=\"choice-4 depth-1\"  >General Inquery<\/option><option value=\"Other\"  class=\"choice-5 depth-1\"  >Other<\/option><\/select><\/div><div id=\"wpforms-1540-field_6-container\" class=\"wpforms-field wpforms-field-textarea\" data-field-id=\"6\"><label class=\"wpforms-field-label\" for=\"wpforms-1540-field_6\">Message <span class=\"wpforms-required-label\">*<\/span><\/label><textarea id=\"wpforms-1540-field_6\" class=\"wpforms-field-medium wpforms-field-required\" name=\"wpforms[fields][6]\" required><\/textarea><\/div><\/div><!-- .wpforms-field-container --><div class=\"wpforms-submit-container\" ><input type=\"hidden\" name=\"wpforms[id]\" value=\"1540\"><input type=\"hidden\" name=\"page_title\" value=\"\"><input type=\"hidden\" name=\"page_url\" value=\"https:\/\/mrseo.ma\/fr\/wp-json\/wp\/v2\/pages\/82\"><input type=\"hidden\" name=\"url_referer\" value=\"\"><button type=\"submit\" name=\"wpforms[submit]\" id=\"wpforms-submit-1540\" class=\"wpforms-submit\" data-alt-text=\"Sending...\" data-submit-text=\"Submit\" aria-live=\"assertive\" value=\"wpforms-submit\">Submit<\/button><img loading=\"lazy\" decoding=\"async\" src=\"https:\/\/mrseo.ma\/fr\/wp-content\/plugins\/wpforms-lite\/assets\/images\/submit-spin.svg\" class=\"wpforms-submit-spinner\" style=\"display: none;\" width=\"26\" height=\"26\" alt=\"Loading\"><\/div><\/form><\/div>  <!-- .wpforms-container -->\n\n<\/div><\/div><\/div>\n<\/div>\n<\/div><\/div>","protected":false},"excerpt":{"rendered":"<p>Comment puis-je vous aider ? Envoyez-moi votre nom, votre adresse e-mail et toute information d\u00e9taill\u00e9e que vous pouvez fournir sur le projet, je vous r\u00e9pondrai dans les 24 heures.<\/p>\n","protected":false},"author":1,"featured_media":0,"parent":0,"menu_order":0,"comment_status":"closed","ping_status":"closed","template":"","meta":{"footnotes":""},"class_list":["post-82","page","type-page","status-publish"],"_links":{"self":[{"href":"https:\/\/mrseo.ma\/fr\/wp-json\/wp\/v2\/pages\/82","targetHints":{"allow":["GET"]}}],"collection":[{"href":"https:\/\/mrseo.ma\/fr\/wp-json\/wp\/v2\/pages"}],"about":[{"href":"https:\/\/mrseo.ma\/fr\/wp-json\/wp\/v2\/types\/page"}],"author":[{"embeddable":true,"href":"https:\/\/mrseo.ma\/fr\/wp-json\/wp\/v2\/users\/1"}],"replies":[{"embeddable":true,"href":"https:\/\/mrseo.ma\/fr\/wp-json\/wp\/v2\/comments?post=82"}],"version-history":[{"count":7,"href":"https:\/\/mrseo.ma\/fr\/wp-json\/wp\/v2\/pages\/82\/revisions"}],"predecessor-version":[{"id":1641,"href":"https:\/\/mrseo.ma\/fr\/wp-json\/wp\/v2\/pages\/82\/revisions\/1641"}],"wp:attachment":[{"href":"https:\/\/mrseo.ma\/fr\/wp-json\/wp\/v2\/media?parent=82"}],"curies":[{"name":"wp","href":"https:\/\/api.w.org\/{rel}","templated":true}]}}